{"id":5190,"date":"2022-03-09T12:42:20","date_gmt":"2022-03-09T12:42:20","guid":{"rendered":"https:\/\/casinoarabie.com\/termes-et-conditions\/"},"modified":"2023-01-29T17:40:31","modified_gmt":"2023-01-29T17:40:31","slug":"termes-et-conditions","status":"publish","type":"page","link":"https:\/\/casinoarabie.com\/fr\/termes-et-conditions\/","title":{"rendered":"termes et conditions"},"content":{"rendered":"\n<h2 class=\"wp-block-heading\">Termes et conditions d&rsquo;utilisation du site Web<\/h2>\n\n<h3 class=\"wp-block-heading\">1. Conditions<\/h3>\n\n<p>En acc\u00e9dant \u00e0 ce site Web, accessible \u00e0 partir de https:\/\/casinoarabie.com, vous acceptez d&rsquo;\u00eatre li\u00e9 par les pr\u00e9sentes conditions d&rsquo;utilisation du site Web et acceptez que vous \u00eates responsable de l&rsquo;accord avec toutes les lois locales applicables. Si vous n&rsquo;\u00eates pas d&rsquo;accord avec l&rsquo;un de ces termes, il vous est interdit d&rsquo;acc\u00e9der \u00e0 ce site. Les \u00e9l\u00e9ments contenus dans ce site Web sont prot\u00e9g\u00e9s par le droit d&rsquo;auteur et le droit des marques.  <\/p>\n\n<h3 class=\"wp-block-heading\">2. Vos engagements<\/h3>\n\n<ol class=\"wp-block-list\" type=\"a\"><li>Vous n&rsquo;utiliserez le Site, les Services et les Informations qu&rsquo;\u00e0 des fins non commerciales.<\/li><li>Vous avez \u00e9tabli que votre utilisation du Site, des Services et des Informations ne viole aucune loi ou l\u00e9gislation de la juridiction qui s&rsquo;applique \u00e0 vous.<\/li><li>Vous saisirez l&rsquo;utilisation du Site, des Services et des Informations si vous d\u00e9terminez que l&rsquo;utilisation de ceux-ci est consid\u00e9r\u00e9e comme une activit\u00e9 ill\u00e9gale dans votre juridiction.<\/li><li>Vous comprenez que le contenu de ce site est uniquement \u00e0 des fins d&rsquo;information et de divertissement et qu&rsquo;il ne peut \u00eatre consid\u00e9r\u00e9 comme un avis juridique ou une orientation formelle.<\/li><li>Vous acceptez que CasinoArabie ne sera pas responsable de tout dommage ou perte pouvant r\u00e9sulter de l&rsquo;utilisation de ce Site et de son contenu.<\/li><\/ol>\n\n<h3 class=\"wp-block-heading\">3. Utiliser la licence<\/h3>\n\n<p>La permission est accord\u00e9e de t\u00e9l\u00e9charger temporairement une copie des documents sur le site Web de Casino Arabie pour une visualisation transitoire personnelle et non commerciale uniquement. Il s&rsquo;agit de l&rsquo;octroi d&rsquo;une licence, et non d&rsquo;un transfert de titre, et en vertu de cette licence, vous ne pouvez pas: <\/p>\n\n<ul class=\"wp-block-list\"><li>modifier ou copier le mat\u00e9riel;<\/li><li>utiliser le mat\u00e9riel \u00e0 des fins commerciales ou pour toute pr\u00e9sentation publique;<\/li><li>tenter de d\u00e9sosser tout logiciel contenu sur le site Web de CasinoArabie;<\/li><li>supprimer tout droit d&rsquo;auteur ou autres mentions de propri\u00e9t\u00e9 des documents; ou alors<\/li><li>transf\u00e9rer le mat\u00e9riel \u00e0 une autre personne ou \u00ab\u00a0miroir\u00a0\u00bb le mat\u00e9riel sur tout autre serveur.<\/li><\/ul>\n\n<p>Cela permettra \u00e0 CasinoArabie de r\u00e9silier en cas de violation de l&rsquo;une de ces restrictions. En cas de r\u00e9siliation, votre droit de visionnage sera \u00e9galement r\u00e9sili\u00e9 et vous devrez d\u00e9truire tout mat\u00e9riel t\u00e9l\u00e9charg\u00e9 en votre possession, qu&rsquo;il soit au format imprim\u00e9 ou \u00e9lectronique. <\/p>\n\n<h3 class=\"wp-block-heading\">4. Clause de non-responsabilit\u00e9<\/h3>\n\n<p>Tous les \u00e9l\u00e9ments du site Web de CasinoArabie sont fournis \u00ab\u00a0tels quels\u00a0\u00bb. CasinoArabie ne donne aucune garantie, qu&rsquo;elle soit expresse ou implicite, annulant ainsi toutes les autres garanties. De plus, Casino Arabie ne fait aucune d\u00e9claration concernant l&rsquo;exactitude ou la fiabilit\u00e9 de l&rsquo;utilisation du mat\u00e9riel sur son site Web ou autrement li\u00e9 \u00e0 ce mat\u00e9riel ou \u00e0 tout site li\u00e9 \u00e0 ce site Web.  <\/p>\n\n<h3 class=\"wp-block-heading\">5. Limites<\/h3>\n\n<p>CasinoArabie ou ses fournisseurs ne seront pas tenus responsables de tout dommage qui surviendrait avec l&rsquo;utilisation ou l&rsquo;impossibilit\u00e9 d&rsquo;utiliser les mat\u00e9riaux sur le site Web de CasinoArabie, m\u00eame si Casino Arabie ou un repr\u00e9sentant autoris\u00e9 de ce site Web a \u00e9t\u00e9 inform\u00e9, oralement ou par \u00e9crit, de la possibilit\u00e9 de tels dommages. Certaines juridictions n&rsquo;autorisent pas les limitations sur les garanties implicites ou les limitations de responsabilit\u00e9 pour les dommages accessoires, ces limitations peuvent ne pas s&rsquo;appliquer \u00e0 vous. <\/p>\n\n<h3 class=\"wp-block-heading\">6. R\u00e9visions et errata<\/h3>\n\n<p>Le mat\u00e9riel apparaissant sur le site Web de Casino Arabie peut contenir des erreurs techniques, typographiques ou photographiques. Casino Arabie ne promettra pas que l&rsquo;un des \u00e9l\u00e9ments de ce site Web est exact, complet ou \u00e0 jour. Casino Arabie peut modifier les \u00e9l\u00e9ments contenus sur son site Web \u00e0 tout moment et sans pr\u00e9avis. Casino Arabie ne s&rsquo;engage pas \u00e0 mettre \u00e0 jour le mat\u00e9riel.   <\/p>\n\n<h3 class=\"wp-block-heading\">7. Liens<\/h3>\n\n<p>Casino Arabie n&rsquo;a pas examin\u00e9 tous les sites li\u00e9s \u00e0 son site Web et n&rsquo;est pas responsable du contenu de ces sites li\u00e9s. La pr\u00e9sence de tout lien n&rsquo;implique pas l&rsquo;approbation par Casino Arabie du site. L\u2019utilisation de tout site Web li\u00e9 est aux risques et p\u00e9rils de l\u2019utilisateur.  <\/p>\n\n<h3 class=\"wp-block-heading\">8. Modifications des conditions d&rsquo;utilisation du site<\/h3>\n\n<p>CasinoArabie peut r\u00e9viser les pr\u00e9sentes conditions d&rsquo;utilisation de son site Web \u00e0 tout moment et sans pr\u00e9avis. En utilisant ce site Web, vous acceptez d&rsquo;\u00eatre li\u00e9 par la version actuelle des pr\u00e9sentes conditions d&rsquo;utilisation. <\/p>\n\n<h3 class=\"wp-block-heading\">9. Votre vie priv\u00e9e<\/h3>\n\n<p>S&rsquo;il vous plait lisez notre <a href=\"https:\/\/casinoarabie.com\/privacy-policy\/\" rel=\"nofollow\">politique de confidentialit\u00e9<\/a>.<\/p>\n\n<h3 class=\"wp-block-heading\">10. Droit applicable<\/h3>\n\n<p>Toute r\u00e9clamation li\u00e9e au site Web de CasinoArabie sera r\u00e9gie par les lois de la Serbie, sans \u00e9gard \u00e0 ses dispositions en mati\u00e8re de conflit de lois.<\/p>\n\n<p><\/p>\n","protected":false},"excerpt":{"rendered":"<p>Termes et conditions d&rsquo;utilisation du site Web 1. Conditions En acc\u00e9dant \u00e0 ce site Web, accessible \u00e0 partir de https:\/\/casinoarabie.com, vous acceptez d&rsquo;\u00eatre li\u00e9 par les pr\u00e9sentes conditions d&rsquo;utilisation du site Web et acceptez que vous \u00eates responsable de l&rsquo;accord avec toutes les lois locales applicables. Si vous n&rsquo;\u00eates pas d&rsquo;accord avec l&rsquo;un de ces [&hellip;]<\/p>\n","protected":false},"author":1,"featured_media":0,"parent":0,"menu_order":0,"comment_status":"closed","ping_status":"closed","template":"","meta":{"footnotes":""},"class_list":["post-5190","page","type-page","status-publish","hentry"],"featured_image_urls_v2":{"full":"","thumbnail":"","medium":"","medium_large":"","large":"","1536x1536":"","2048x2048":"","post-thumbnail":"","affiliate-thumb":"","post-wide":"","post-thumb":""},"post_excerpt_stackable_v2":"<p>Termes et conditions d&rsquo;utilisation du site Web 1. Conditions En acc\u00e9dant \u00e0 ce site Web, accessible \u00e0 partir de https:\/\/casinoarabie.com, vous acceptez d&rsquo;\u00eatre li\u00e9 par les pr\u00e9sentes conditions d&rsquo;utilisation du site Web et acceptez que vous \u00eates responsable de l&rsquo;accord avec toutes les lois locales applicables. Si vous n&rsquo;\u00eates pas d&rsquo;accord avec l&rsquo;un de ces termes, il vous est interdit d&rsquo;acc\u00e9der \u00e0 ce site. Les \u00e9l\u00e9ments contenus dans ce site Web sont prot\u00e9g\u00e9s par le droit d&rsquo;auteur et le droit des marques. 2. Vos engagements Vous n&rsquo;utiliserez le Site, les Services et les Informations qu&rsquo;\u00e0 des fins non commerciales.Vous avez\u2026<\/p>\n","category_list_v2":"","author_info_v2":{"name":"Hassan Khalid","url":"https:\/\/casinoarabie.com\/fr\/author\/arabie_admin12\/"},"comments_num_v2":"0 commentaire","yoast_head":"<!-- This site is optimized with the Yoast SEO plugin v26.4 - https:\/\/yoast.com\/wordpress\/plugins\/seo\/ -->\n<title>termes et conditions - Casino Arabie<\/title>\n<meta name=\"robots\" content=\"index, nofollow, max-snippet:-1, max-image-preview:large, max-video-preview:-1\" \/>\n<link rel=\"canonical\" href=\"https:\/\/casinoarabie.com\/fr\/termes-et-conditions\/\" \/>\n<meta property=\"og:locale\" content=\"fr_FR\" \/>\n<meta property=\"og:type\" content=\"article\" \/>\n<meta property=\"og:title\" content=\"termes et conditions - Casino Arabie\" \/>\n<meta property=\"og:description\" content=\"Termes et conditions d&rsquo;utilisation du site Web 1. Conditions En acc\u00e9dant \u00e0 ce site Web, accessible \u00e0 partir de https:\/\/casinoarabie.com, vous acceptez d&rsquo;\u00eatre li\u00e9 par les pr\u00e9sentes conditions d&rsquo;utilisation du site Web et acceptez que vous \u00eates responsable de l&rsquo;accord avec toutes les lois locales applicables. Si vous n&rsquo;\u00eates pas d&rsquo;accord avec l&rsquo;un de ces [&hellip;]\" \/>\n<meta property=\"og:url\" content=\"https:\/\/casinoarabie.com\/fr\/termes-et-conditions\/\" \/>\n<meta property=\"og:site_name\" content=\"Casino Arabie\" \/>\n<meta property=\"article:modified_time\" content=\"2023-01-29T17:40:31+00:00\" \/>\n<meta name=\"twitter:card\" content=\"summary_large_image\" \/>\n<meta name=\"twitter:label1\" content=\"Dur\u00e9e de lecture estim\u00e9e\" \/>\n\t<meta name=\"twitter:data1\" content=\"4 minutes\" \/>\n<script type=\"application\/ld+json\" class=\"yoast-schema-graph\">{\"@context\":\"https:\/\/schema.org\",\"@graph\":[{\"@type\":\"WebPage\",\"@id\":\"https:\/\/casinoarabie.com\/fr\/termes-et-conditions\/\",\"url\":\"https:\/\/casinoarabie.com\/fr\/termes-et-conditions\/\",\"name\":\"termes et conditions - Casino Arabie\",\"isPartOf\":{\"@id\":\"https:\/\/casinoarabie.com\/fr\/#website\"},\"datePublished\":\"2022-03-09T12:42:20+00:00\",\"dateModified\":\"2023-01-29T17:40:31+00:00\",\"breadcrumb\":{\"@id\":\"https:\/\/casinoarabie.com\/fr\/termes-et-conditions\/#breadcrumb\"},\"inLanguage\":\"fr-FR\",\"potentialAction\":[{\"@type\":\"ReadAction\",\"target\":[\"https:\/\/casinoarabie.com\/fr\/termes-et-conditions\/\"]}]},{\"@type\":\"BreadcrumbList\",\"@id\":\"https:\/\/casinoarabie.com\/fr\/termes-et-conditions\/#breadcrumb\",\"itemListElement\":[{\"@type\":\"ListItem\",\"position\":1,\"name\":\"Home\",\"item\":\"https:\/\/casinoarabie.com\/fr\/\"},{\"@type\":\"ListItem\",\"position\":2,\"name\":\"termes et conditions\"}]},{\"@type\":\"WebSite\",\"@id\":\"https:\/\/casinoarabie.com\/fr\/#website\",\"url\":\"https:\/\/casinoarabie.com\/fr\/\",\"name\":\"Casino Arabie\",\"description\":\"Best Arab Casinos Online\",\"publisher\":{\"@id\":\"https:\/\/casinoarabie.com\/fr\/#organization\"},\"potentialAction\":[{\"@type\":\"SearchAction\",\"target\":{\"@type\":\"EntryPoint\",\"urlTemplate\":\"https:\/\/casinoarabie.com\/fr\/?s={search_term_string}\"},\"query-input\":{\"@type\":\"PropertyValueSpecification\",\"valueRequired\":true,\"valueName\":\"search_term_string\"}}],\"inLanguage\":\"fr-FR\"},{\"@type\":\"Organization\",\"@id\":\"https:\/\/casinoarabie.com\/fr\/#organization\",\"name\":\"Casino Arabie\",\"url\":\"https:\/\/casinoarabie.com\/fr\/\",\"logo\":{\"@type\":\"ImageObject\",\"inLanguage\":\"fr-FR\",\"@id\":\"https:\/\/casinoarabie.com\/fr\/#\/schema\/logo\/image\/\",\"url\":\"https:\/\/casinoarabie.com\/wp-content\/uploads\/2022\/07\/casino-arabie-large-1.png\",\"contentUrl\":\"https:\/\/casinoarabie.com\/wp-content\/uploads\/2022\/07\/casino-arabie-large-1.png\",\"width\":696,\"height\":80,\"caption\":\"Casino Arabie\"},\"image\":{\"@id\":\"https:\/\/casinoarabie.com\/fr\/#\/schema\/logo\/image\/\"}}]}<\/script>\n<!-- \/ Yoast SEO plugin. -->","yoast_head_json":{"title":"termes et conditions - Casino Arabie","robots":{"index":"index","follow":"nofollow","max-snippet":"max-snippet:-1","max-image-preview":"max-image-preview:large","max-video-preview":"max-video-preview:-1"},"canonical":"https:\/\/casinoarabie.com\/fr\/termes-et-conditions\/","og_locale":"fr_FR","og_type":"article","og_title":"termes et conditions - Casino Arabie","og_description":"Termes et conditions d&rsquo;utilisation du site Web 1. Conditions En acc\u00e9dant \u00e0 ce site Web, accessible \u00e0 partir de https:\/\/casinoarabie.com, vous acceptez d&rsquo;\u00eatre li\u00e9 par les pr\u00e9sentes conditions d&rsquo;utilisation du site Web et acceptez que vous \u00eates responsable de l&rsquo;accord avec toutes les lois locales applicables. Si vous n&rsquo;\u00eates pas d&rsquo;accord avec l&rsquo;un de ces [&hellip;]","og_url":"https:\/\/casinoarabie.com\/fr\/termes-et-conditions\/","og_site_name":"Casino Arabie","article_modified_time":"2023-01-29T17:40:31+00:00","twitter_card":"summary_large_image","twitter_misc":{"Dur\u00e9e de lecture estim\u00e9e":"4 minutes"},"schema":{"@context":"https:\/\/schema.org","@graph":[{"@type":"WebPage","@id":"https:\/\/casinoarabie.com\/fr\/termes-et-conditions\/","url":"https:\/\/casinoarabie.com\/fr\/termes-et-conditions\/","name":"termes et conditions - Casino Arabie","isPartOf":{"@id":"https:\/\/casinoarabie.com\/fr\/#website"},"datePublished":"2022-03-09T12:42:20+00:00","dateModified":"2023-01-29T17:40:31+00:00","breadcrumb":{"@id":"https:\/\/casinoarabie.com\/fr\/termes-et-conditions\/#breadcrumb"},"inLanguage":"fr-FR","potentialAction":[{"@type":"ReadAction","target":["https:\/\/casinoarabie.com\/fr\/termes-et-conditions\/"]}]},{"@type":"BreadcrumbList","@id":"https:\/\/casinoarabie.com\/fr\/termes-et-conditions\/#breadcrumb","itemListElement":[{"@type":"ListItem","position":1,"name":"Home","item":"https:\/\/casinoarabie.com\/fr\/"},{"@type":"ListItem","position":2,"name":"termes et conditions"}]},{"@type":"WebSite","@id":"https:\/\/casinoarabie.com\/fr\/#website","url":"https:\/\/casinoarabie.com\/fr\/","name":"Casino Arabie","description":"Best Arab Casinos Online","publisher":{"@id":"https:\/\/casinoarabie.com\/fr\/#organization"},"potentialAction":[{"@type":"SearchAction","target":{"@type":"EntryPoint","urlTemplate":"https:\/\/casinoarabie.com\/fr\/?s={search_term_string}"},"query-input":{"@type":"PropertyValueSpecification","valueRequired":true,"valueName":"search_term_string"}}],"inLanguage":"fr-FR"},{"@type":"Organization","@id":"https:\/\/casinoarabie.com\/fr\/#organization","name":"Casino Arabie","url":"https:\/\/casinoarabie.com\/fr\/","logo":{"@type":"ImageObject","inLanguage":"fr-FR","@id":"https:\/\/casinoarabie.com\/fr\/#\/schema\/logo\/image\/","url":"https:\/\/casinoarabie.com\/wp-content\/uploads\/2022\/07\/casino-arabie-large-1.png","contentUrl":"https:\/\/casinoarabie.com\/wp-content\/uploads\/2022\/07\/casino-arabie-large-1.png","width":696,"height":80,"caption":"Casino Arabie"},"image":{"@id":"https:\/\/casinoarabie.com\/fr\/#\/schema\/logo\/image\/"}}]}},"_links":{"self":[{"href":"https:\/\/casinoarabie.com\/fr\/wp-json\/wp\/v2\/pages\/5190","targetHints":{"allow":["GET"]}}],"collection":[{"href":"https:\/\/casinoarabie.com\/fr\/wp-json\/wp\/v2\/pages"}],"about":[{"href":"https:\/\/casinoarabie.com\/fr\/wp-json\/wp\/v2\/types\/page"}],"author":[{"embeddable":true,"href":"https:\/\/casinoarabie.com\/fr\/wp-json\/wp\/v2\/users\/1"}],"replies":[{"embeddable":true,"href":"https:\/\/casinoarabie.com\/fr\/wp-json\/wp\/v2\/comments?post=5190"}],"version-history":[{"count":3,"href":"https:\/\/casinoarabie.com\/fr\/wp-json\/wp\/v2\/pages\/5190\/revisions"}],"predecessor-version":[{"id":5193,"href":"https:\/\/casinoarabie.com\/fr\/wp-json\/wp\/v2\/pages\/5190\/revisions\/5193"}],"wp:attachment":[{"href":"https:\/\/casinoarabie.com\/fr\/wp-json\/wp\/v2\/media?parent=5190"}],"curies":[{"name":"wp","href":"https:\/\/api.w.org\/{rel}","templated":true}]}}