{"id":4964,"date":"2022-03-09T12:38:26","date_gmt":"2022-03-09T12:38:26","guid":{"rendered":"https:\/\/casinoarabie.com\/politique-sur-les-temoins\/"},"modified":"2023-01-29T14:03:57","modified_gmt":"2023-01-29T14:03:57","slug":"politique-sur-les-temoins","status":"publish","type":"page","link":"https:\/\/casinoarabie.com\/fr\/politique-sur-les-temoins\/","title":{"rendered":"Politique sur les t\u00e9moins"},"content":{"rendered":"\n<p>Ceci est la politique en mati\u00e8re de cookies pour CasinoArabie, accessible depuis https:\/\/casinoarabie.com.<\/p>\n\n<p><strong>Que sont les cookies<\/strong><\/p>\n\n<p>Comme c&rsquo;est une pratique courante pour presque tous les sites professionnels, ce site utilise des cookies, qui sont des petits fichiers t\u00e9l\u00e9charg\u00e9s sur votre ordinateur pour am\u00e9liorer votre exp\u00e9rience. Cette page d\u00e9crit les informations qu&rsquo;ils recueillent, comment nous les utilisons et pourquoi nous avons parfois besoin de stocker ces cookies. Nous vous expliquerons \u00e9galement comment emp\u00eacher le stockage de ces cookies, mais cela peut entra\u00eener une r\u00e9gression ou une \u00ab\u00a0panne\u00a0\u00bb de certaines fonctionnalit\u00e9s du site.  <\/p>\n\n<p><strong>Comment nous utilisons les cookies<\/strong><\/p>\n\n<p>Nous utilisons des cookies pour diverses raisons d\u00e9taill\u00e9es ci-dessous. Malheureusement, dans la plupart des cas, il n&rsquo;y a pas d&rsquo;options standard de l&rsquo;industrie pour d\u00e9sactiver les cookies sans d\u00e9sactiver compl\u00e8tement la fonctionnalit\u00e9 et les fonctionnalit\u00e9s qu&rsquo;ils ajoutent \u00e0 ce site. Il est recommand\u00e9 de laisser tous les cookies activ\u00e9s si vous n&rsquo;\u00eates pas s\u00fbr de les avoir besoin ou non, au cas o\u00f9 ils sont utilis\u00e9s pour fournir un service que vous utilisez.  <\/p>\n\n<p><strong>D\u00e9sactivation des cookies<\/strong><\/p>\n\n<p>Vous pouvez emp\u00eacher l&rsquo;installation de cookies en modifiant les param\u00e8tres de votre navigateur (voir l&rsquo;aide de votre navigateur pour savoir comment faire cela). Notez que la d\u00e9sactivation des cookies affectera la fonctionnalit\u00e9 de ce site et de nombreux autres sites que vous visitez. La d\u00e9sactivation des cookies entra\u00eenera g\u00e9n\u00e9ralement \u00e9galement la d\u00e9sactivation de certaines fonctionnalit\u00e9s et fonctionnalit\u00e9s de ce site. Il est donc recommand\u00e9 de ne pas d\u00e9sactiver les cookies.   <\/p>\n\n<p><strong>Les cookies que nous installons<\/strong><\/p>\n\n<ul class=\"wp-block-list\"><li>Les cookies de pr\u00e9f\u00e9rences du site &#8211; Afin de vous offrir une excellente exp\u00e9rience sur ce site, nous mettons \u00e0 disposition la fonctionnalit\u00e9 pour d\u00e9finir vos pr\u00e9f\u00e9rences pour la mani\u00e8re dont ce site fonctionne lorsque vous l&rsquo;utilisez. Pour m\u00e9moriser vos pr\u00e9f\u00e9rences, nous pouvons d\u00e9finir des cookies afin que cette information puisse \u00eatre appel\u00e9e chaque fois que vous interagissez avec une page qui est affect\u00e9e par vos pr\u00e9f\u00e9rences. <\/li><\/ul>\n\n<p><strong>Les cookies tiers<\/strong><\/p>\n\n<p>Dans certains cas particuliers, nous utilisons \u00e9galement des cookies fournis par des tiers de confiance. La section suivante d\u00e9taille les cookies tiers que vous pourriez rencontrer via ce site. <\/p>\n\n<ul class=\"wp-block-list\"><li>Ce site utilise Google Analytics qui est l&rsquo;une des solutions d&rsquo;analyse les plus r\u00e9pandues et les plus fiables sur le web pour nous aider \u00e0 comprendre comment vous utilisez le site et les moyens de l&rsquo;am\u00e9liorer. Ces cookies peuvent suivre des \u00e9l\u00e9ments tels que le temps pass\u00e9 sur le site et les pages que vous visitez pour que nous puissions continuer \u00e0 produire du contenu engageant. Pour plus d&rsquo;informations sur les cookies Google Analytics, consultez la page officielle de Google Analytics.  <\/li><li>De temps en temps, nous testons de nouvelles fonctionnalit\u00e9s et apportons des modifications subtiles \u00e0 la mani\u00e8re dont le site est livr\u00e9. Lorsque nous testons encore de nouvelles fonctionnalit\u00e9s, ces cookies peuvent \u00eatre utilis\u00e9s pour vous assurer une exp\u00e9rience homog\u00e8ne sur le site tout en nous permettant de comprendre lesquelles optimisations nos utilisateurs appr\u00e9cient le plus. <\/li><li>Plusieurs partenaires font de la publicit\u00e9 en notre nom et les cookies de suivi d&rsquo;affiliation nous permettent simplement de voir si nos clients ont visit\u00e9 notre site \u00e0 travers l&rsquo;un de nos sites partenaires afin que nous puissions les cr\u00e9diter de mani\u00e8re appropri\u00e9e et, le cas \u00e9ch\u00e9ant, permettre \u00e0 nos partenaires d&rsquo;affiliation de vous offrir un bonus qu&rsquo;ils pourraient vous offrir pour effectuer un achat.<\/li><\/ul>\n\n<p><strong>Plus d&rsquo;information<\/strong><\/p>\n\n<p>Nous esp\u00e9rons que cela a clarifi\u00e9 les choses pour vous et comme mentionn\u00e9 pr\u00e9c\u00e9demment, si vous n&rsquo;\u00eates pas s\u00fbr de la n\u00e9cessit\u00e9 de quelque chose, il est g\u00e9n\u00e9ralement plus s\u00fbr de laisser les cookies activ\u00e9s au cas o\u00f9 ils interagiraient avec l&rsquo;une des fonctionnalit\u00e9s que vous utilisez sur notre site.<\/p>\n\n<p>Pour plus d&rsquo;informations g\u00e9n\u00e9rales sur les cookies, veuillez lire <a href=\"https:\/\/www.ftc.gov\/policy-notices\/privacy-policy\/internet-cookies\" rel=\"nofollow\">l&rsquo;article sur la politique des cookies<\/a>.<\/p>\n\n<p>Si vous recherchez cependant encore plus d&rsquo;informations, vous pouvez nous contacter par l&rsquo;un de nos moyens de contact pr\u00e9f\u00e9r\u00e9s:<\/p>\n\n<ul class=\"wp-block-list\"><li>Email: contact@casinoarabie.com<\/li><\/ul>\n","protected":false},"excerpt":{"rendered":"<p>Ceci est la politique en mati\u00e8re de cookies pour CasinoArabie, accessible depuis https:\/\/casinoarabie.com. Que sont les cookies Comme c&rsquo;est une pratique courante pour presque tous les sites professionnels, ce site utilise des cookies, qui sont des petits fichiers t\u00e9l\u00e9charg\u00e9s sur votre ordinateur pour am\u00e9liorer votre exp\u00e9rience. Cette page d\u00e9crit les informations qu&rsquo;ils recueillent, comment nous [&hellip;]<\/p>\n","protected":false},"author":1,"featured_media":0,"parent":0,"menu_order":0,"comment_status":"closed","ping_status":"closed","template":"","meta":{"footnotes":""},"class_list":["post-4964","page","type-page","status-publish","hentry"],"featured_image_urls_v2":{"full":"","thumbnail":"","medium":"","medium_large":"","large":"","1536x1536":"","2048x2048":"","post-thumbnail":"","affiliate-thumb":"","post-wide":"","post-thumb":""},"post_excerpt_stackable_v2":"<p>Ceci est la politique en mati\u00e8re de cookies pour CasinoArabie, accessible depuis https:\/\/casinoarabie.com. Que sont les cookies Comme c&rsquo;est une pratique courante pour presque tous les sites professionnels, ce site utilise des cookies, qui sont des petits fichiers t\u00e9l\u00e9charg\u00e9s sur votre ordinateur pour am\u00e9liorer votre exp\u00e9rience. Cette page d\u00e9crit les informations qu&rsquo;ils recueillent, comment nous les utilisons et pourquoi nous avons parfois besoin de stocker ces cookies. Nous vous expliquerons \u00e9galement comment emp\u00eacher le stockage de ces cookies, mais cela peut entra\u00eener une r\u00e9gression ou une \u00ab\u00a0panne\u00a0\u00bb de certaines fonctionnalit\u00e9s du site. Comment nous utilisons les cookies Nous utilisons des\u2026<\/p>\n","category_list_v2":"","author_info_v2":{"name":"Hassan Khalid","url":"https:\/\/casinoarabie.com\/fr\/author\/arabie_admin12\/"},"comments_num_v2":"0 commentaire","yoast_head":"<!-- This site is optimized with the Yoast SEO plugin v26.4 - https:\/\/yoast.com\/wordpress\/plugins\/seo\/ -->\n<title>Politique sur les t\u00e9moins - Casino Arabie<\/title>\n<meta name=\"robots\" content=\"index, follow, max-snippet:-1, max-image-preview:large, max-video-preview:-1\" \/>\n<link rel=\"canonical\" href=\"https:\/\/casinoarabie.com\/fr\/politique-sur-les-temoins\/\" \/>\n<meta property=\"og:locale\" content=\"fr_FR\" \/>\n<meta property=\"og:type\" content=\"article\" \/>\n<meta property=\"og:title\" content=\"Politique sur les t\u00e9moins - Casino Arabie\" \/>\n<meta property=\"og:description\" content=\"Ceci est la politique en mati\u00e8re de cookies pour CasinoArabie, accessible depuis https:\/\/casinoarabie.com. Que sont les cookies Comme c&rsquo;est une pratique courante pour presque tous les sites professionnels, ce site utilise des cookies, qui sont des petits fichiers t\u00e9l\u00e9charg\u00e9s sur votre ordinateur pour am\u00e9liorer votre exp\u00e9rience. Cette page d\u00e9crit les informations qu&rsquo;ils recueillent, comment nous [&hellip;]\" \/>\n<meta property=\"og:url\" content=\"https:\/\/casinoarabie.com\/fr\/politique-sur-les-temoins\/\" \/>\n<meta property=\"og:site_name\" content=\"Casino Arabie\" \/>\n<meta property=\"article:modified_time\" content=\"2023-01-29T14:03:57+00:00\" \/>\n<meta name=\"twitter:card\" content=\"summary_large_image\" \/>\n<meta name=\"twitter:label1\" content=\"Dur\u00e9e de lecture estim\u00e9e\" \/>\n\t<meta name=\"twitter:data1\" content=\"4 minutes\" \/>\n<script type=\"application\/ld+json\" class=\"yoast-schema-graph\">{\"@context\":\"https:\/\/schema.org\",\"@graph\":[{\"@type\":\"WebPage\",\"@id\":\"https:\/\/casinoarabie.com\/fr\/politique-sur-les-temoins\/\",\"url\":\"https:\/\/casinoarabie.com\/fr\/politique-sur-les-temoins\/\",\"name\":\"Politique sur les t\u00e9moins - Casino Arabie\",\"isPartOf\":{\"@id\":\"https:\/\/casinoarabie.com\/fr\/#website\"},\"datePublished\":\"2022-03-09T12:38:26+00:00\",\"dateModified\":\"2023-01-29T14:03:57+00:00\",\"breadcrumb\":{\"@id\":\"https:\/\/casinoarabie.com\/fr\/politique-sur-les-temoins\/#breadcrumb\"},\"inLanguage\":\"fr-FR\",\"potentialAction\":[{\"@type\":\"ReadAction\",\"target\":[\"https:\/\/casinoarabie.com\/fr\/politique-sur-les-temoins\/\"]}]},{\"@type\":\"BreadcrumbList\",\"@id\":\"https:\/\/casinoarabie.com\/fr\/politique-sur-les-temoins\/#breadcrumb\",\"itemListElement\":[{\"@type\":\"ListItem\",\"position\":1,\"name\":\"Home\",\"item\":\"https:\/\/casinoarabie.com\/fr\/\"},{\"@type\":\"ListItem\",\"position\":2,\"name\":\"Politique sur les t\u00e9moins\"}]},{\"@type\":\"WebSite\",\"@id\":\"https:\/\/casinoarabie.com\/fr\/#website\",\"url\":\"https:\/\/casinoarabie.com\/fr\/\",\"name\":\"Casino Arabie\",\"description\":\"Best Arab Casinos Online\",\"publisher\":{\"@id\":\"https:\/\/casinoarabie.com\/fr\/#organization\"},\"potentialAction\":[{\"@type\":\"SearchAction\",\"target\":{\"@type\":\"EntryPoint\",\"urlTemplate\":\"https:\/\/casinoarabie.com\/fr\/?s={search_term_string}\"},\"query-input\":{\"@type\":\"PropertyValueSpecification\",\"valueRequired\":true,\"valueName\":\"search_term_string\"}}],\"inLanguage\":\"fr-FR\"},{\"@type\":\"Organization\",\"@id\":\"https:\/\/casinoarabie.com\/fr\/#organization\",\"name\":\"Casino Arabie\",\"url\":\"https:\/\/casinoarabie.com\/fr\/\",\"logo\":{\"@type\":\"ImageObject\",\"inLanguage\":\"fr-FR\",\"@id\":\"https:\/\/casinoarabie.com\/fr\/#\/schema\/logo\/image\/\",\"url\":\"https:\/\/casinoarabie.com\/wp-content\/uploads\/2022\/07\/casino-arabie-large-1.png\",\"contentUrl\":\"https:\/\/casinoarabie.com\/wp-content\/uploads\/2022\/07\/casino-arabie-large-1.png\",\"width\":696,\"height\":80,\"caption\":\"Casino Arabie\"},\"image\":{\"@id\":\"https:\/\/casinoarabie.com\/fr\/#\/schema\/logo\/image\/\"}}]}<\/script>\n<!-- \/ Yoast SEO plugin. -->","yoast_head_json":{"title":"Politique sur les t\u00e9moins - Casino Arabie","robots":{"index":"index","follow":"follow","max-snippet":"max-snippet:-1","max-image-preview":"max-image-preview:large","max-video-preview":"max-video-preview:-1"},"canonical":"https:\/\/casinoarabie.com\/fr\/politique-sur-les-temoins\/","og_locale":"fr_FR","og_type":"article","og_title":"Politique sur les t\u00e9moins - Casino Arabie","og_description":"Ceci est la politique en mati\u00e8re de cookies pour CasinoArabie, accessible depuis https:\/\/casinoarabie.com. Que sont les cookies Comme c&rsquo;est une pratique courante pour presque tous les sites professionnels, ce site utilise des cookies, qui sont des petits fichiers t\u00e9l\u00e9charg\u00e9s sur votre ordinateur pour am\u00e9liorer votre exp\u00e9rience. Cette page d\u00e9crit les informations qu&rsquo;ils recueillent, comment nous [&hellip;]","og_url":"https:\/\/casinoarabie.com\/fr\/politique-sur-les-temoins\/","og_site_name":"Casino Arabie","article_modified_time":"2023-01-29T14:03:57+00:00","twitter_card":"summary_large_image","twitter_misc":{"Dur\u00e9e de lecture estim\u00e9e":"4 minutes"},"schema":{"@context":"https:\/\/schema.org","@graph":[{"@type":"WebPage","@id":"https:\/\/casinoarabie.com\/fr\/politique-sur-les-temoins\/","url":"https:\/\/casinoarabie.com\/fr\/politique-sur-les-temoins\/","name":"Politique sur les t\u00e9moins - Casino Arabie","isPartOf":{"@id":"https:\/\/casinoarabie.com\/fr\/#website"},"datePublished":"2022-03-09T12:38:26+00:00","dateModified":"2023-01-29T14:03:57+00:00","breadcrumb":{"@id":"https:\/\/casinoarabie.com\/fr\/politique-sur-les-temoins\/#breadcrumb"},"inLanguage":"fr-FR","potentialAction":[{"@type":"ReadAction","target":["https:\/\/casinoarabie.com\/fr\/politique-sur-les-temoins\/"]}]},{"@type":"BreadcrumbList","@id":"https:\/\/casinoarabie.com\/fr\/politique-sur-les-temoins\/#breadcrumb","itemListElement":[{"@type":"ListItem","position":1,"name":"Home","item":"https:\/\/casinoarabie.com\/fr\/"},{"@type":"ListItem","position":2,"name":"Politique sur les t\u00e9moins"}]},{"@type":"WebSite","@id":"https:\/\/casinoarabie.com\/fr\/#website","url":"https:\/\/casinoarabie.com\/fr\/","name":"Casino Arabie","description":"Best Arab Casinos Online","publisher":{"@id":"https:\/\/casinoarabie.com\/fr\/#organization"},"potentialAction":[{"@type":"SearchAction","target":{"@type":"EntryPoint","urlTemplate":"https:\/\/casinoarabie.com\/fr\/?s={search_term_string}"},"query-input":{"@type":"PropertyValueSpecification","valueRequired":true,"valueName":"search_term_string"}}],"inLanguage":"fr-FR"},{"@type":"Organization","@id":"https:\/\/casinoarabie.com\/fr\/#organization","name":"Casino Arabie","url":"https:\/\/casinoarabie.com\/fr\/","logo":{"@type":"ImageObject","inLanguage":"fr-FR","@id":"https:\/\/casinoarabie.com\/fr\/#\/schema\/logo\/image\/","url":"https:\/\/casinoarabie.com\/wp-content\/uploads\/2022\/07\/casino-arabie-large-1.png","contentUrl":"https:\/\/casinoarabie.com\/wp-content\/uploads\/2022\/07\/casino-arabie-large-1.png","width":696,"height":80,"caption":"Casino Arabie"},"image":{"@id":"https:\/\/casinoarabie.com\/fr\/#\/schema\/logo\/image\/"}}]}},"_links":{"self":[{"href":"https:\/\/casinoarabie.com\/fr\/wp-json\/wp\/v2\/pages\/4964","targetHints":{"allow":["GET"]}}],"collection":[{"href":"https:\/\/casinoarabie.com\/fr\/wp-json\/wp\/v2\/pages"}],"about":[{"href":"https:\/\/casinoarabie.com\/fr\/wp-json\/wp\/v2\/types\/page"}],"author":[{"embeddable":true,"href":"https:\/\/casinoarabie.com\/fr\/wp-json\/wp\/v2\/users\/1"}],"replies":[{"embeddable":true,"href":"https:\/\/casinoarabie.com\/fr\/wp-json\/wp\/v2\/comments?post=4964"}],"version-history":[{"count":2,"href":"https:\/\/casinoarabie.com\/fr\/wp-json\/wp\/v2\/pages\/4964\/revisions"}],"predecessor-version":[{"id":4966,"href":"https:\/\/casinoarabie.com\/fr\/wp-json\/wp\/v2\/pages\/4964\/revisions\/4966"}],"wp:attachment":[{"href":"https:\/\/casinoarabie.com\/fr\/wp-json\/wp\/v2\/media?parent=4964"}],"curies":[{"name":"wp","href":"https:\/\/api.w.org\/{rel}","templated":true}]}}